{"id":2642,"date":"2025-04-10T16:47:15","date_gmt":"2025-04-10T14:47:15","guid":{"rendered":"https:\/\/memoria2024.ncencomunicacion.com\/aliantza-la-caixa-fundazioarekin\/programa-innova\/"},"modified":"2025-05-19T13:37:04","modified_gmt":"2025-05-19T11:37:04","slug":"innova-programa","status":"publish","type":"page","link":"https:\/\/memoria.fundacioncajanavarra.es\/eu\/aliantza-la-caixa-fundazioarekin\/innova-programa\/","title":{"rendered":"Innova Programa"},"content":{"rendered":"<p>[et_pb_section fb_built=&#8221;1&#8243; _builder_version=&#8221;4.27.4&#8243; _module_preset=&#8221;default&#8221; locked=&#8221;off&#8221; global_colors_info=&#8221;{}&#8221;][et_pb_row custom_padding_last_edited=&#8221;on|tablet&#8221; _builder_version=&#8221;4.27.4&#8243; _module_preset=&#8221;default&#8221; custom_padding=&#8221;0px||0px||true|false&#8221; custom_padding_tablet=&#8221;33px||||false|false&#8221; custom_padding_phone=&#8221;33px||||false|false&#8221; global_colors_info=&#8221;{}&#8221;][et_pb_column type=&#8221;4_4&#8243; _builder_version=&#8221;4.27.4&#8243; _module_preset=&#8221;default&#8221; global_colors_info=&#8221;{}&#8221;][et_pb_heading title=&#8221;@ET-DC@eyJkeW5hbWljIjp0cnVlLCJjb250ZW50IjoicG9zdF90aXRsZSIsInNldHRpbmdzIjp7ImJlZm9yZSI6IiIsImFmdGVyIjoiIn19@&#8221; _builder_version=&#8221;4.27.4&#8243; _dynamic_attributes=&#8221;title&#8221; _module_preset=&#8221;default&#8221; custom_margin=&#8221;||0px||false|false&#8221; global_colors_info=&#8221;{}&#8221;][\/et_pb_heading][et_pb_text admin_label=&#8221;Migas&#8221; _builder_version=&#8221;4.27.4&#8243; _module_preset=&#8221;default&#8221; custom_margin=&#8221;||30px||false|false&#8221; global_colors_info=&#8221;{}&#8221;]<\/p>\n<ol class=\"fundacion-breadcrumbs\" itemscope itemtype=\"http:\/\/schema.org\/BreadcrumbList\"><li itemprop=\"itemListElement\" itemscope itemtype=\"http:\/\/schema.org\/ListItem\"><a itemprop=\"item\" href=\"https:\/\/memoria.fundacioncajanavarra.es\/eu\/\" itemprop=\"item\"><span itemprop=\"name\">Hasiera<\/span><\/a><meta itemprop=\"position\" content=\"1\"><\/li><li itemprop=\"itemListElement\" itemscope itemtype=\"http:\/\/schema.org\/ListItem\"><a itemprop=\"item\" href=\"https:\/\/memoria.fundacioncajanavarra.es\/eu\/#aliantza-fundacion-la-caixa\" itemprop=\"item\"><span itemprop=\"name\">Aliantza Fundacion la Caixa<\/span><\/a><meta itemprop=\"position\" content=\"2\"><\/li><\/ol>\n<p>[\/et_pb_text][\/et_pb_column][\/et_pb_row][et_pb_row column_structure=&#8221;2_3,1_3&#8243; _builder_version=&#8221;4.27.4&#8243; _module_preset=&#8221;default&#8221; global_colors_info=&#8221;{}&#8221;][et_pb_column type=&#8221;2_3&#8243; _builder_version=&#8221;4.27.4&#8243; _module_preset=&#8221;default&#8221; global_colors_info=&#8221;{}&#8221;][et_pb_text _builder_version=&#8221;4.27.4&#8243; _module_preset=&#8221;default&#8221; custom_margin=&#8221;||||false|false&#8221; custom_padding=&#8221;||||false|false&#8221; custom_padding_last_edited=&#8221;off|tablet&#8221; global_colors_info=&#8221;{}&#8221;]<\/p>\n<h2>Nafarroaren garapen berritzaile, inklusibo eta sozialagoa<\/h2>\n<p> Fundaci\u00f3n Caja Navarra eta Fundaci\u00f3n \u201cla Caixa\u201d arteko lankidetza 2024an hamarkada bat gainditu zuen. Aliantza sendoa da, eta helburu nagusia Nafarroako gizartearen eraldaketa lortzea du. Horretarako, hainbat proiektu garatu dira, kolektibo askoren beharrak lantzen dituztenak, Innova Programa izan da ekimen nagusia.<br \/>\nPrograma honek 2024an bere zortzigarren edizioa garatu zuen, azken urteotan mantendu dituen hiru jarduera-arlorekin: soziala, kultural eta landa-gunea. Urte honetan bi fundazioek egindako ekarpen ekonomikoa, hiru milioi euro, mantendu da, eta berrikuntza nagusia izan da programaren irekiera enpresei sozialaren arloan aurkezteko, kultural eta landa-arloan bezala.<\/p>\n<p>Innova Programa 2017an jaio zen Nafarroako Foru Komunitatearen garapen berritzaile, inklusibo eta sozialago baten aldeko proiektuak babesteko, Nazio Batuen 2030 Agendak definitzen dituen Garapen Jasangarrirako Helburuekin lerrokatuta.<\/p>\n<p>Formakuntzako ekimenak, hausnarketa eta gogoeta espazio kritikoak bultzatzen dira, landa, gizarte eta kultural ekosistema indartzeko, sinergiak eta lankidetza-esparruak sortzeko erakunde eta sektore desberdinen artean, eta laguntza ekonomikoak sustatzeko helburu horiekin bat datozen proiektu eta ekimenentzat.[\/et_pb_text][et_pb_button button_url=&#8221;https:\/\/www.fundacioncajanavarra.es\/proyectos-colaborativos\/programa-innova&#8221; url_new_window=&#8221;on&#8221; button_text=&#8221;Gehiago Jakin&#8221; _builder_version=&#8221;4.27.4&#8243; _module_preset=&#8221;default&#8221; custom_margin=&#8221;-14px|||||&#8221; global_colors_info=&#8221;{}&#8221;][\/et_pb_button][\/et_pb_column][et_pb_column type=&#8221;1_3&#8243; admin_label=&#8221;Columna&#8221; _builder_version=&#8221;4.27.4&#8243; _module_preset=&#8221;default&#8221; global_colors_info=&#8221;{}&#8221;][et_pb_text _builder_version=&#8221;4.27.4&#8243; _module_preset=&#8221;default&#8221; custom_margin=&#8221;||8px|||&#8221; custom_padding=&#8221;7px|||||&#8221; global_colors_info=&#8221;{}&#8221;]Zer da Innova Programa?[\/et_pb_text][et_pb_video src=&#8221;https:\/\/www.youtube.com\/watch?v=04vh4S1ZaMg&#8221; _builder_version=&#8221;4.27.4&#8243; _module_preset=&#8221;default&#8221; custom_margin=&#8221;||13px|||&#8221; global_colors_info=&#8221;{}&#8221; src__hover_enabled=&#8221;on|desktop&#8221; src__hover=&#8221;https:\/\/www.youtube.com\/watch?v=04vh4S1ZaMg&#8221;][\/et_pb_video][et_pb_text _builder_version=&#8221;4.27.4&#8243; _module_preset=&#8221;default&#8221; custom_margin=&#8221;||8px|||&#8221; custom_padding=&#8221;7px|||||&#8221; global_colors_info=&#8221;{}&#8221;]<\/p>\n<p>Presentaci\u00f3n del Programa Innova 2024<\/p>\n<p>[\/et_pb_text][et_pb_video src=&#8221;https:\/\/www.youtube.com\/watch?v=Q81UlU_hqQ8&#038;list=PLBj6NSlquxNPaepSh5zI3bfGyaHpowQh6&#038;index=13&#8243; _builder_version=&#8221;4.27.4&#8243; _module_preset=&#8221;default&#8221; custom_margin=&#8221;||13px|||&#8221; global_colors_info=&#8221;{}&#8221; src__hover_enabled=&#8221;on|desktop&#8221; src__hover=&#8221;https:\/\/www.youtube.com\/watch?v=Q81UlU_hqQ8&#038;list=PLBj6NSlquxNPaepSh5zI3bfGyaHpowQh6&#038;index=13&#8243;][\/et_pb_video][et_pb_button button_url=&#8221;https:\/\/programa-innova.es&#8221; url_new_window=&#8221;on&#8221; button_text=&#8221;Ikusi webgunea Innova Programa &#8221; _builder_version=&#8221;4.27.4&#8243; _module_preset=&#8221;default&#8221; custom_margin=&#8221;||22px|||&#8221; global_colors_info=&#8221;{}&#8221;][\/et_pb_button][et_pb_button button_url=&#8221;https:\/\/www.youtube.com\/playlist?list=PLBj6NSlquxNPaepSh5zI3bfGyaHpowQh6&#8243; url_new_window=&#8221;on&#8221; button_text=&#8221;Ikusi Youtube Innova Programa Kanala&#8221; _builder_version=&#8221;4.27.4&#8243; _module_preset=&#8221;default&#8221; custom_margin=&#8221;||22px|||&#8221; global_colors_info=&#8221;{}&#8221;][\/et_pb_button][et_pb_button button_url=&#8221;https:\/\/www.instagram.com\/programainnova\/&#8221; url_new_window=&#8221;on&#8221; button_text=&#8221;Ikusi Instagram Innova Programa&#8221; _builder_version=&#8221;4.27.4&#8243; _module_preset=&#8221;default&#8221; custom_padding=&#8221;0px|||||&#8221; global_colors_info=&#8221;{}&#8221;][\/et_pb_button][\/et_pb_column][\/et_pb_row][et_pb_row _builder_version=&#8221;4.27.4&#8243; _module_preset=&#8221;default&#8221; global_colors_info=&#8221;{}&#8221;][et_pb_column type=&#8221;4_4&#8243; _builder_version=&#8221;4.27.4&#8243; _module_preset=&#8221;default&#8221; global_colors_info=&#8221;{}&#8221;][et_pb_number_counter title=&#8221;FUNDAZIOEN EKARPENA &#8211; EURO&#8221; number=&#8221;3.000.000 &#8221; percent_sign=&#8221;off&#8221; _builder_version=&#8221;4.27.4&#8243; _module_preset=&#8221;default&#8221; title_level=&#8221;h6&#8243; number_text_color=&#8221;#231f20&#8243; background_color=&#8221;#eaeaea&#8221; background_image=&#8221;https:\/\/memoria.fundacioncajanavarra.es\/wp-content\/uploads\/2025\/05\/euros.png&#8221; background_size=&#8221;initial&#8221; custom_padding=&#8221;||0px|||&#8221; locked=&#8221;off&#8221; global_colors_info=&#8221;{}&#8221;][\/et_pb_number_counter][et_pb_number_counter title=&#8221;VII. EDIZIOAN LAGUNDUTAKO PROIEKTUAK&#8221; number=&#8221;59&#8243; percent_sign=&#8221;off&#8221; _builder_version=&#8221;4.27.4&#8243; _module_preset=&#8221;default&#8221; title_level=&#8221;h6&#8243; number_text_color=&#8221;#231f20&#8243; background_color=&#8221;#eaeaea&#8221; background_image=&#8221;https:\/\/memoria.fundacioncajanavarra.es\/wp-content\/uploads\/2025\/05\/investigacion.png&#8221; background_size=&#8221;initial&#8221; custom_padding=&#8221;||0px|||&#8221; hover_enabled=&#8221;0&#8243; locked=&#8221;off&#8221; global_colors_info=&#8221;{}&#8221; sticky_enabled=&#8221;0&#8243;][\/et_pb_number_counter][et_pb_number_counter title=&#8221;INNOVA SAREKO ERAKUNDEAK ETA ENPRESAK&#8221; number=&#8221;856&#8243; percent_sign=&#8221;off&#8221; _builder_version=&#8221;4.27.4&#8243; _module_preset=&#8221;default&#8221; title_level=&#8221;h6&#8243; number_text_color=&#8221;#231f20&#8243; background_color=&#8221;#eaeaea&#8221; background_image=&#8221;https:\/\/memoria.fundacioncajanavarra.es\/wp-content\/uploads\/2025\/05\/actividades.png&#8221; background_size=&#8221;initial&#8221; custom_padding=&#8221;||0px|||&#8221; hover_enabled=&#8221;0&#8243; locked=&#8221;off&#8221; global_colors_info=&#8221;{}&#8221; sticky_enabled=&#8221;0&#8243;][\/et_pb_number_counter][et_pb_number_counter title=&#8221;PRESTAKUNTZAKO ETA ALIANTZAK SORTZEKO TOPAKETAK&#8221; number=&#8221;22&#8243; percent_sign=&#8221;off&#8221; _builder_version=&#8221;4.27.4&#8243; _module_preset=&#8221;default&#8221; title_level=&#8221;h6&#8243; number_text_color=&#8221;#231f20&#8243; background_color=&#8221;#eaeaea&#8221; background_image=&#8221;https:\/\/memoria.fundacioncajanavarra.es\/wp-content\/uploads\/2025\/05\/personas.png&#8221; background_size=&#8221;initial&#8221; custom_padding=&#8221;||0px|||&#8221; hover_enabled=&#8221;0&#8243; locked=&#8221;off&#8221; global_colors_info=&#8221;{}&#8221; sticky_enabled=&#8221;0&#8243;][\/et_pb_number_counter][\/et_pb_column][\/et_pb_row][\/et_pb_section]<\/p>\n","protected":false},"excerpt":{"rendered":"<p><ol class=\"fundacion-breadcrumbs\" itemscope itemtype=\"http:\/\/schema.org\/BreadcrumbList\"><li itemprop=\"itemListElement\" itemscope itemtype=\"http:\/\/schema.org\/ListItem\"><a itemprop=\"item\" href=\"https:\/\/memoria.fundacioncajanavarra.es\/eu\/\" itemprop=\"item\"><span itemprop=\"name\">Hasiera<\/span><\/a><meta itemprop=\"position\" content=\"1\"><\/li><li itemprop=\"itemListElement\" itemscope itemtype=\"http:\/\/schema.org\/ListItem\"><a itemprop=\"item\" href=\"https:\/\/memoria.fundacioncajanavarra.es\/eu\/#aliantza-fundacion-la-caixa\" itemprop=\"item\"><span itemprop=\"name\">Aliantza Fundacion la Caixa<\/span><\/a><meta itemprop=\"position\" content=\"2\"><\/li><\/ol>Nafarroaren garapen berritzaile, inklusibo eta sozialagoa Fundaci\u00f3n Caja Navarra eta Fundaci\u00f3n \u201cla Caixa\u201d arteko lankidetza 2024an hamarkada bat gainditu zuen. Aliantza sendoa da, eta helburu nagusia Nafarroako gizartearen eraldaketa lortzea du. Horretarako, hainbat proiektu garatu dira, kolektibo askoren beharrak lantzen dituztenak, Innova Programa izan da ekimen nagusia. Programa honek 2024an bere zortzigarren edizioa garatu zuen, [&hellip;]<\/p>\n","protected":false},"author":4,"featured_media":2477,"parent":2626,"menu_order":34,"comment_status":"closed","ping_status":"closed","template":"","meta":{"_acf_changed":false,"_et_pb_use_builder":"on","_et_pb_old_content":"","_et_gb_content_width":"","inline_featured_image":false,"footnotes":""},"class_list":["post-2642","page","type-page","status-publish","has-post-thumbnail","hentry"],"acf":[],"yoast_head":"<!-- This site is optimized with the Yoast SEO plugin v25.3.1 - https:\/\/yoast.com\/wordpress\/plugins\/seo\/ -->\n<title>Innova Programa - Fundaci\u00f3n Caja Navarra - Memoria 2024<\/title>\n<meta name=\"robots\" content=\"index, follow, max-snippet:-1, max-image-preview:large, max-video-preview:-1\" \/>\n<link rel=\"canonical\" href=\"https:\/\/memoria.fundacioncajanavarra.es\/alianza-con-fundacion-la-caixa\/programa-innova\/\" \/>\n<meta property=\"og:locale\" content=\"eu_ES\" \/>\n<meta property=\"og:type\" content=\"article\" \/>\n<meta property=\"og:title\" content=\"Innova Programa - Fundaci\u00f3n Caja Navarra - Memoria 2024\" \/>\n<meta property=\"og:description\" content=\"Nafarroaren garapen berritzaile, inklusibo eta sozialagoa Fundaci\u00f3n Caja Navarra eta Fundaci\u00f3n \u201cla Caixa\u201d arteko lankidetza 2024an hamarkada bat gainditu zuen. Aliantza sendoa da, eta helburu nagusia Nafarroako gizartearen eraldaketa lortzea du. Horretarako, hainbat proiektu garatu dira, kolektibo askoren beharrak lantzen dituztenak, Innova Programa izan da ekimen nagusia. Programa honek 2024an bere zortzigarren edizioa garatu zuen, [&hellip;]\" \/>\n<meta property=\"og:url\" content=\"https:\/\/memoria.fundacioncajanavarra.es\/alianza-con-fundacion-la-caixa\/programa-innova\/\" \/>\n<meta property=\"og:site_name\" content=\"Fundaci\u00f3n Caja Navarra - Memoria 2024\" \/>\n<meta property=\"article:modified_time\" content=\"2025-05-19T11:37:04+00:00\" \/>\n<meta property=\"og:image\" content=\"https:\/\/memoria.fundacioncajanavarra.es\/wp-content\/uploads\/2025\/05\/Programa-Innova.jpg\" \/>\n\t<meta property=\"og:image:width\" content=\"700\" \/>\n\t<meta property=\"og:image:height\" content=\"1200\" \/>\n\t<meta property=\"og:image:type\" content=\"image\/jpeg\" \/>\n<meta name=\"twitter:card\" content=\"summary_large_image\" \/>\n<meta name=\"twitter:label1\" content=\"Est. reading time\" \/>\n\t<meta name=\"twitter:data1\" content=\"2 minutes\" \/>\n<script type=\"application\/ld+json\" class=\"yoast-schema-graph\">{\"@context\":\"https:\/\/schema.org\",\"@graph\":[{\"@type\":\"WebPage\",\"@id\":\"https:\/\/memoria.fundacioncajanavarra.es\/alianza-con-fundacion-la-caixa\/programa-innova\/\",\"url\":\"https:\/\/memoria.fundacioncajanavarra.es\/alianza-con-fundacion-la-caixa\/programa-innova\/\",\"name\":\"Innova Programa - Fundaci\u00f3n Caja Navarra - Memoria 2024\",\"isPartOf\":{\"@id\":\"https:\/\/memoria.fundacioncajanavarra.es\/#website\"},\"primaryImageOfPage\":{\"@id\":\"https:\/\/memoria.fundacioncajanavarra.es\/alianza-con-fundacion-la-caixa\/programa-innova\/#primaryimage\"},\"image\":{\"@id\":\"https:\/\/memoria.fundacioncajanavarra.es\/alianza-con-fundacion-la-caixa\/programa-innova\/#primaryimage\"},\"thumbnailUrl\":\"https:\/\/memoria.fundacioncajanavarra.es\/wp-content\/uploads\/2025\/05\/Programa-Innova.jpg\",\"datePublished\":\"2025-04-10T14:47:15+00:00\",\"dateModified\":\"2025-05-19T11:37:04+00:00\",\"breadcrumb\":{\"@id\":\"https:\/\/memoria.fundacioncajanavarra.es\/alianza-con-fundacion-la-caixa\/programa-innova\/#breadcrumb\"},\"inLanguage\":\"eu-ES\",\"potentialAction\":[{\"@type\":\"ReadAction\",\"target\":[\"https:\/\/memoria.fundacioncajanavarra.es\/alianza-con-fundacion-la-caixa\/programa-innova\/\"]}]},{\"@type\":\"ImageObject\",\"inLanguage\":\"eu-ES\",\"@id\":\"https:\/\/memoria.fundacioncajanavarra.es\/alianza-con-fundacion-la-caixa\/programa-innova\/#primaryimage\",\"url\":\"https:\/\/memoria.fundacioncajanavarra.es\/wp-content\/uploads\/2025\/05\/Programa-Innova.jpg\",\"contentUrl\":\"https:\/\/memoria.fundacioncajanavarra.es\/wp-content\/uploads\/2025\/05\/Programa-Innova.jpg\",\"width\":700,\"height\":1200},{\"@type\":\"BreadcrumbList\",\"@id\":\"https:\/\/memoria.fundacioncajanavarra.es\/alianza-con-fundacion-la-caixa\/programa-innova\/#breadcrumb\",\"itemListElement\":[{\"@type\":\"ListItem\",\"position\":1,\"name\":\"Portada\",\"item\":\"https:\/\/memoria.fundacioncajanavarra.es\/eu\/\"},{\"@type\":\"ListItem\",\"position\":2,\"name\":\"Aliantza \u201cla Caixa\u201d Fundazioarekin\",\"item\":\"https:\/\/memoria.fundacioncajanavarra.es\/eu\/aliantza-la-caixa-fundazioarekin\/\"},{\"@type\":\"ListItem\",\"position\":3,\"name\":\"Innova Programa\"}]},{\"@type\":\"WebSite\",\"@id\":\"https:\/\/memoria.fundacioncajanavarra.es\/#website\",\"url\":\"https:\/\/memoria.fundacioncajanavarra.es\/\",\"name\":\"Fundaci\u00f3n Caja Navarra - Memoria 2024\",\"description\":\"\",\"publisher\":{\"@id\":\"https:\/\/memoria.fundacioncajanavarra.es\/#organization\"},\"potentialAction\":[{\"@type\":\"SearchAction\",\"target\":{\"@type\":\"EntryPoint\",\"urlTemplate\":\"https:\/\/memoria.fundacioncajanavarra.es\/?s={search_term_string}\"},\"query-input\":{\"@type\":\"PropertyValueSpecification\",\"valueRequired\":true,\"valueName\":\"search_term_string\"}}],\"inLanguage\":\"eu-ES\"},{\"@type\":\"Organization\",\"@id\":\"https:\/\/memoria.fundacioncajanavarra.es\/#organization\",\"name\":\"Fundaci\u00f3n Caja Navarra\",\"url\":\"https:\/\/memoria.fundacioncajanavarra.es\/\",\"logo\":{\"@type\":\"ImageObject\",\"inLanguage\":\"eu-ES\",\"@id\":\"https:\/\/memoria.fundacioncajanavarra.es\/#\/schema\/logo\/image\/\",\"url\":\"https:\/\/memoria.fundacioncajanavarra.es\/wp-content\/uploads\/2025\/05\/logo-fcn-black.svg\",\"contentUrl\":\"https:\/\/memoria.fundacioncajanavarra.es\/wp-content\/uploads\/2025\/05\/logo-fcn-black.svg\",\"width\":196,\"height\":90,\"caption\":\"Fundaci\u00f3n Caja Navarra\"},\"image\":{\"@id\":\"https:\/\/memoria.fundacioncajanavarra.es\/#\/schema\/logo\/image\/\"}}]}<\/script>\n<!-- \/ Yoast SEO plugin. -->","yoast_head_json":{"title":"Innova Programa - Fundaci\u00f3n Caja Navarra - Memoria 2024","robots":{"index":"index","follow":"follow","max-snippet":"max-snippet:-1","max-image-preview":"max-image-preview:large","max-video-preview":"max-video-preview:-1"},"canonical":"https:\/\/memoria.fundacioncajanavarra.es\/alianza-con-fundacion-la-caixa\/programa-innova\/","og_locale":"eu_ES","og_type":"article","og_title":"Innova Programa - Fundaci\u00f3n Caja Navarra - Memoria 2024","og_description":"Nafarroaren garapen berritzaile, inklusibo eta sozialagoa Fundaci\u00f3n Caja Navarra eta Fundaci\u00f3n \u201cla Caixa\u201d arteko lankidetza 2024an hamarkada bat gainditu zuen. Aliantza sendoa da, eta helburu nagusia Nafarroako gizartearen eraldaketa lortzea du. Horretarako, hainbat proiektu garatu dira, kolektibo askoren beharrak lantzen dituztenak, Innova Programa izan da ekimen nagusia. Programa honek 2024an bere zortzigarren edizioa garatu zuen, [&hellip;]","og_url":"https:\/\/memoria.fundacioncajanavarra.es\/alianza-con-fundacion-la-caixa\/programa-innova\/","og_site_name":"Fundaci\u00f3n Caja Navarra - Memoria 2024","article_modified_time":"2025-05-19T11:37:04+00:00","og_image":[{"width":700,"height":1200,"url":"https:\/\/memoria.fundacioncajanavarra.es\/wp-content\/uploads\/2025\/05\/Programa-Innova.jpg","type":"image\/jpeg"}],"twitter_card":"summary_large_image","twitter_misc":{"Est. reading time":"2 minutes"},"schema":{"@context":"https:\/\/schema.org","@graph":[{"@type":"WebPage","@id":"https:\/\/memoria.fundacioncajanavarra.es\/alianza-con-fundacion-la-caixa\/programa-innova\/","url":"https:\/\/memoria.fundacioncajanavarra.es\/alianza-con-fundacion-la-caixa\/programa-innova\/","name":"Innova Programa - Fundaci\u00f3n Caja Navarra - Memoria 2024","isPartOf":{"@id":"https:\/\/memoria.fundacioncajanavarra.es\/#website"},"primaryImageOfPage":{"@id":"https:\/\/memoria.fundacioncajanavarra.es\/alianza-con-fundacion-la-caixa\/programa-innova\/#primaryimage"},"image":{"@id":"https:\/\/memoria.fundacioncajanavarra.es\/alianza-con-fundacion-la-caixa\/programa-innova\/#primaryimage"},"thumbnailUrl":"https:\/\/memoria.fundacioncajanavarra.es\/wp-content\/uploads\/2025\/05\/Programa-Innova.jpg","datePublished":"2025-04-10T14:47:15+00:00","dateModified":"2025-05-19T11:37:04+00:00","breadcrumb":{"@id":"https:\/\/memoria.fundacioncajanavarra.es\/alianza-con-fundacion-la-caixa\/programa-innova\/#breadcrumb"},"inLanguage":"eu-ES","potentialAction":[{"@type":"ReadAction","target":["https:\/\/memoria.fundacioncajanavarra.es\/alianza-con-fundacion-la-caixa\/programa-innova\/"]}]},{"@type":"ImageObject","inLanguage":"eu-ES","@id":"https:\/\/memoria.fundacioncajanavarra.es\/alianza-con-fundacion-la-caixa\/programa-innova\/#primaryimage","url":"https:\/\/memoria.fundacioncajanavarra.es\/wp-content\/uploads\/2025\/05\/Programa-Innova.jpg","contentUrl":"https:\/\/memoria.fundacioncajanavarra.es\/wp-content\/uploads\/2025\/05\/Programa-Innova.jpg","width":700,"height":1200},{"@type":"BreadcrumbList","@id":"https:\/\/memoria.fundacioncajanavarra.es\/alianza-con-fundacion-la-caixa\/programa-innova\/#breadcrumb","itemListElement":[{"@type":"ListItem","position":1,"name":"Portada","item":"https:\/\/memoria.fundacioncajanavarra.es\/eu\/"},{"@type":"ListItem","position":2,"name":"Aliantza \u201cla Caixa\u201d Fundazioarekin","item":"https:\/\/memoria.fundacioncajanavarra.es\/eu\/aliantza-la-caixa-fundazioarekin\/"},{"@type":"ListItem","position":3,"name":"Innova Programa"}]},{"@type":"WebSite","@id":"https:\/\/memoria.fundacioncajanavarra.es\/#website","url":"https:\/\/memoria.fundacioncajanavarra.es\/","name":"Fundaci\u00f3n Caja Navarra - Memoria 2024","description":"","publisher":{"@id":"https:\/\/memoria.fundacioncajanavarra.es\/#organization"},"potentialAction":[{"@type":"SearchAction","target":{"@type":"EntryPoint","urlTemplate":"https:\/\/memoria.fundacioncajanavarra.es\/?s={search_term_string}"},"query-input":{"@type":"PropertyValueSpecification","valueRequired":true,"valueName":"search_term_string"}}],"inLanguage":"eu-ES"},{"@type":"Organization","@id":"https:\/\/memoria.fundacioncajanavarra.es\/#organization","name":"Fundaci\u00f3n Caja Navarra","url":"https:\/\/memoria.fundacioncajanavarra.es\/","logo":{"@type":"ImageObject","inLanguage":"eu-ES","@id":"https:\/\/memoria.fundacioncajanavarra.es\/#\/schema\/logo\/image\/","url":"https:\/\/memoria.fundacioncajanavarra.es\/wp-content\/uploads\/2025\/05\/logo-fcn-black.svg","contentUrl":"https:\/\/memoria.fundacioncajanavarra.es\/wp-content\/uploads\/2025\/05\/logo-fcn-black.svg","width":196,"height":90,"caption":"Fundaci\u00f3n Caja Navarra"},"image":{"@id":"https:\/\/memoria.fundacioncajanavarra.es\/#\/schema\/logo\/image\/"}}]}},"_links":{"self":[{"href":"https:\/\/memoria.fundacioncajanavarra.es\/eu\/wp-json\/wp\/v2\/pages\/2642","targetHints":{"allow":["GET"]}}],"collection":[{"href":"https:\/\/memoria.fundacioncajanavarra.es\/eu\/wp-json\/wp\/v2\/pages"}],"about":[{"href":"https:\/\/memoria.fundacioncajanavarra.es\/eu\/wp-json\/wp\/v2\/types\/page"}],"author":[{"embeddable":true,"href":"https:\/\/memoria.fundacioncajanavarra.es\/eu\/wp-json\/wp\/v2\/users\/4"}],"replies":[{"embeddable":true,"href":"https:\/\/memoria.fundacioncajanavarra.es\/eu\/wp-json\/wp\/v2\/comments?post=2642"}],"version-history":[{"count":6,"href":"https:\/\/memoria.fundacioncajanavarra.es\/eu\/wp-json\/wp\/v2\/pages\/2642\/revisions"}],"predecessor-version":[{"id":2976,"href":"https:\/\/memoria.fundacioncajanavarra.es\/eu\/wp-json\/wp\/v2\/pages\/2642\/revisions\/2976"}],"up":[{"embeddable":true,"href":"https:\/\/memoria.fundacioncajanavarra.es\/eu\/wp-json\/wp\/v2\/pages\/2626"}],"wp:featuredmedia":[{"embeddable":true,"href":"https:\/\/memoria.fundacioncajanavarra.es\/eu\/wp-json\/wp\/v2\/media\/2477"}],"wp:attachment":[{"href":"https:\/\/memoria.fundacioncajanavarra.es\/eu\/wp-json\/wp\/v2\/media?parent=2642"}],"curies":[{"name":"wp","href":"https:\/\/api.w.org\/{rel}","templated":true}]}}