{"id":4666,"date":"2026-04-08T09:35:07","date_gmt":"2026-04-08T08:35:07","guid":{"rendered":"https:\/\/memoria2025.ncencomunicacion.com\/ekitaldi-instituzionala\/"},"modified":"2026-05-06T04:28:11","modified_gmt":"2026-05-06T03:28:11","slug":"ekitaldi-instituzionala","status":"publish","type":"page","link":"https:\/\/memoria.fundacioncajanavarra.es\/eu\/gardentasuna\/ekitaldi-instituzionala\/","title":{"rendered":"Ekitaldi instituzionala"},"content":{"rendered":"<div class=\"et_pb_section_0 et_pb_section et_section_regular et_block_section\">\n<div class=\"et_pb_row_0 et_pb_row et_block_row\">\n<div class=\"et_pb_column_0 et_pb_column et_pb_column_4_4 et-last-child et_block_column et_pb_css_mix_blend_mode_passthrough\">\n<div class=\"et_pb_heading_0 et_pb_heading et_pb_module et_block_module\"><div class=\"et_pb_heading_container\"><h1 class=\"et_pb_module_header\">Ekitaldi instituzionala<\/h1><\/div><\/div>\n\n<div class=\"et_pb_text_0 et_pb_text et_pb_bg_layout_light et_pb_module et_block_module\"><div class=\"et_pb_text_inner\"><ol class=\"fundacion-breadcrumbs\" itemscope itemtype=\"http:\/\/schema.org\/BreadcrumbList\"><li itemprop=\"itemListElement\" itemscope itemtype=\"http:\/\/schema.org\/ListItem\"><a itemprop=\"item\" href=\"https:\/\/memoria.fundacioncajanavarra.es\/eu\/\" itemprop=\"item\"><span itemprop=\"name\">Hasiera<\/span><\/a><meta itemprop=\"position\" content=\"1\"><\/li><li itemprop=\"itemListElement\" itemscope itemtype=\"http:\/\/schema.org\/ListItem\"><a itemprop=\"item\" href=\"https:\/\/memoria.fundacioncajanavarra.es\/eu\/#gardentasuna\" itemprop=\"item\"><span itemprop=\"name\">Gardentasuna<\/span><\/a><meta itemprop=\"position\" content=\"2\"><\/li><\/ol>\n<\/div><\/div>\n<\/div>\n<\/div>\n\n<div class=\"et_pb_row_1 et_pb_row et_block_row\">\n<div class=\"et_pb_column_1 et_pb_column et_pb_column_2_3 et_block_column et_pb_css_mix_blend_mode_passthrough\">\n<div class=\"et_pb_text_1 et_pb_text et_pb_bg_layout_light et_pb_module et_block_module\"><div class=\"et_pb_text_inner\"><h2>Inbertsio-politikaren aurkezpena<\/h2>\n<p><strong>2025eko ekainaren 20an ekitaldi instituzional bat egin zen; bertan, Nafarroa Kutxa Fundazioko Patronatuak, tokiko eta eskualdeko agintari nagusiek eta hirugarren sektoreko erakundeek lagunduta, Inbertsio Politikaren dokumentua eta aurreko urteetan egindako dibertsifikazio-prozesua azaldu zituen.<\/strong><\/p>\n<p><strong>Belaunaldien arteko ekitatearen kontzeptuaren<\/strong> berri eman zen, <strong>Fundazioaren ondarea babestea eta etorkizuneko belaunaldientzat erosahalmenari eustea<\/strong> ahalbidetzen duen elementua baita, eta, gainera, dokumentu hori ardatz gisa erabiltzen da etorkizuneko inbertsioetarako gida gisa.<\/p>\n<p>Helburua <strong>Fundazioaren ondarea epe luzera babestea<\/strong> da, bere jarduerari eutsi diezaion eta, horrela, <strong>etorkizuneko gizarte-konpromisoa bermatzeko<\/strong>. Finantza-ondarea kontzentratzea eta hori dibertsifikatzeko beharra gai garrantzitsua izan da erakundearen azken bi plan estrategikoetan, eta horretan lan egin dute erakundeko Patronatuek. <\/p>\n<p>Dokumentu honek <strong>Fundazioa inbertsioen esparruan jarduteko nola antolatu<\/strong> arautzen du; izan daitezkeen <strong>arriskuak kuantifikatzen ditu<\/strong>, bai aktibo zehatzetan, bai inbertsio-mugetan; eta <strong>aktiboen esleipen estrategikoa proiektatzen du<\/strong>, baina modu malguan, zorro globalaren exekuzio tekniko eta taktikoari merkatu-egoera bakoitzean nahikoa marjina emanez, kudeaketa une bakoitzean <strong>egokitzeko malgutasun handia<\/strong> ahalbidetuz.<\/p>\n<p><strong>Gobernantza-eredua<\/strong> <strong>Batzorde Ekonomikoa<\/strong> sortuta indartu zen. Patronatuko bost kidek osatzen dute batzorde hori, eta <strong>funtsezkoa izan da dibertsifikazio-prozesu honetan eta Inbertsio Politika hau sortzeko orduan<\/strong>. Kanpoko aholku-erakundeei <strong>entzuteko egindako lanak<\/strong> eta <strong>Fundazioko talde teknikoarekin izandako koordinazioak<\/strong> erraztu egin dituzte Nafarroa Kutxa Fundazioko Patronatuaren ondorengo erabakiak. <\/p>\n<\/div><\/div>\n\n<div class=\"et_pb_module et_pb_button_module_wrapper et_pb_button_0_wrapper\"><a class=\"et_pb_button_0 et_pb_button et_pb_bg_layout_light et_pb_module et_block_module\" href=\"https:\/\/www.fundacioncajanavarra.es\/noticias\/politica-inversion-fundacion\" target=\"_blank\">Gehiago jakin<\/a><\/div>\n<\/div>\n\n<div class=\"et_pb_column_2 et_pb_column et_pb_column_1_3 et-last-child et_block_column et_pb_css_mix_blend_mode_passthrough\">\n<div class=\"et_pb_image_0 et_pb_image et_pb_module et_block_module\"><span class=\"et_pb_image_wrap\"><img loading=\"lazy\" decoding=\"async\" src=\"https:\/\/memoria2025.ncencomunicacion.com\/wp-content\/uploads\/2026\/04\/actoinversion7_transparencia_fcnmemoria2025.jpg\" title=\"Nafarroa Kutxa Fundazioa | Gardentasuna | Inbertsio-politikaren aurkezpena\" width=\"1800\" height=\"1200\" srcset=\"https:\/\/memoria2025.ncencomunicacion.com\/wp-content\/uploads\/2026\/04\/actoinversion7_transparencia_fcnmemoria2025.jpg 1800w, https:\/\/memoria2025.ncencomunicacion.com\/wp-content\/uploads\/2026\/04\/actoinversion7_transparencia_fcnmemoria2025-1280x853.jpg 1280w, https:\/\/memoria2025.ncencomunicacion.com\/wp-content\/uploads\/2026\/04\/actoinversion7_transparencia_fcnmemoria2025-980x653.jpg 980w, https:\/\/memoria2025.ncencomunicacion.com\/wp-content\/uploads\/2026\/04\/actoinversion7_transparencia_fcnmemoria2025-480x320.jpg 480w\" sizes=\"(min-width: 0px) and (max-width: 480px) 480px, (min-width: 481px) and (max-width: 980px) 980px, (min-width: 981px) and (max-width: 1280px) 1280px, (min-width: 1281px) 1800px, 100vw\" class=\"wp-image-4337\" \/><\/span><\/div>\n\n<div class=\"et_pb_video_0 et_pb_video et_pb_module et_flex_module\"><div class=\"et_pb_video_box\"><iframe loading=\"lazy\" title=\"Presentaci\u00f3n pol\u00edtica de inversi\u00f3n de Fundaci\u00f3n Caja Navarra\" width=\"1080\" height=\"608\" src=\"https:\/\/www.youtube.com\/embed\/MBcm1cDmSUg?feature=oembed\"  allow=\"accelerometer; autoplay; clipboard-write; encrypted-media; gyroscope; picture-in-picture; web-share\" referrerpolicy=\"strict-origin-when-cross-origin\" allowfullscreen><\/iframe><\/div><\/div>\n\n<div class=\"et_pb_gallery_0 et_pb_gallery et_pb_bg_layout_light et_pb_gallery_grid et_pb_module galeria-miniaturas\" data-auto-rotate=\"off\" data-auto-rotate-speed=\"\"><div class=\"et_pb_gallery_items et_post_gallery clearfix et_grid_module\" data-per_page=\"30\"><div class=\"et_pb_gallery_item et_pb_grid_item et_pb_gallery_item_0_0\"><div class=\"et_pb_gallery_image landscape\" data-per_page=\"30\"><a href=\"https:\/\/memoria.fundacioncajanavarra.es\/wp-content\/uploads\/2026\/04\/actoinversion6_transparencia_fcnmemoria2025.jpg\" title=\"actoinversion6_transparencia_fcnmemoria2025\"><img loading=\"lazy\" decoding=\"async\" width=\"400\" height=\"284\" src=\"https:\/\/memoria.fundacioncajanavarra.es\/wp-content\/uploads\/2026\/04\/actoinversion6_transparencia_fcnmemoria2025-400x284.jpg\" alt=\"\" class=\"wp-image-4326\" srcset=\"https:\/\/memoria.fundacioncajanavarra.es\/wp-content\/uploads\/2026\/04\/actoinversion6_transparencia_fcnmemoria2025.jpg 479w, https:\/\/memoria.fundacioncajanavarra.es\/wp-content\/uploads\/2026\/04\/actoinversion6_transparencia_fcnmemoria2025-400x284.jpg 480w\" sizes=\"(max-width:479px) 479px, 100vw\" \/><span class=\"et_overlay\" data-icon=\"\" data-icon-tablet=\"\" data-icon-phone=\"\"><\/span><\/a><\/div><\/div><div class=\"et_pb_gallery_item et_pb_grid_item et_pb_gallery_item_0_1\"><div class=\"et_pb_gallery_image landscape\" data-per_page=\"30\"><a href=\"https:\/\/memoria.fundacioncajanavarra.es\/wp-content\/uploads\/2026\/04\/actoinversion5_transparencia_fcnmemoria2025.jpg\" title=\"actoinversion5_transparencia_fcnmemoria2025\"><img loading=\"lazy\" decoding=\"async\" width=\"400\" height=\"284\" src=\"https:\/\/memoria.fundacioncajanavarra.es\/wp-content\/uploads\/2026\/04\/actoinversion5_transparencia_fcnmemoria2025-400x284.jpg\" alt=\"\" class=\"wp-image-4328\" srcset=\"https:\/\/memoria.fundacioncajanavarra.es\/wp-content\/uploads\/2026\/04\/actoinversion5_transparencia_fcnmemoria2025.jpg 479w, https:\/\/memoria.fundacioncajanavarra.es\/wp-content\/uploads\/2026\/04\/actoinversion5_transparencia_fcnmemoria2025-400x284.jpg 480w\" sizes=\"(max-width:479px) 479px, 100vw\" \/><span class=\"et_overlay\" data-icon=\"\" data-icon-tablet=\"\" data-icon-phone=\"\"><\/span><\/a><\/div><\/div><div class=\"et_pb_gallery_item et_pb_grid_item et_pb_gallery_item_0_2\"><div class=\"et_pb_gallery_image landscape\" data-per_page=\"30\"><a href=\"https:\/\/memoria.fundacioncajanavarra.es\/wp-content\/uploads\/2026\/04\/actoinversion4_transparencia_fcnmemoria2025.jpg\" title=\"actoinversion4_transparencia_fcnmemoria2025\"><img loading=\"lazy\" decoding=\"async\" width=\"400\" height=\"284\" src=\"https:\/\/memoria.fundacioncajanavarra.es\/wp-content\/uploads\/2026\/04\/actoinversion4_transparencia_fcnmemoria2025-400x284.jpg\" alt=\"\" class=\"wp-image-4330\" srcset=\"https:\/\/memoria.fundacioncajanavarra.es\/wp-content\/uploads\/2026\/04\/actoinversion4_transparencia_fcnmemoria2025.jpg 479w, https:\/\/memoria.fundacioncajanavarra.es\/wp-content\/uploads\/2026\/04\/actoinversion4_transparencia_fcnmemoria2025-400x284.jpg 480w\" sizes=\"(max-width:479px) 479px, 100vw\" \/><span class=\"et_overlay\" data-icon=\"\" data-icon-tablet=\"\" data-icon-phone=\"\"><\/span><\/a><\/div><\/div><div class=\"et_pb_gallery_item et_pb_grid_item et_pb_gallery_item_0_3\"><div class=\"et_pb_gallery_image landscape\" data-per_page=\"30\"><a href=\"https:\/\/memoria.fundacioncajanavarra.es\/wp-content\/uploads\/2026\/04\/actoinversion3_transparencia_fcnmemoria2025.jpg\" title=\"actoinversion3_transparencia_fcnmemoria2025\"><img loading=\"lazy\" decoding=\"async\" width=\"400\" height=\"284\" src=\"https:\/\/memoria.fundacioncajanavarra.es\/wp-content\/uploads\/2026\/04\/actoinversion3_transparencia_fcnmemoria2025-400x284.jpg\" alt=\"\" class=\"wp-image-4332\" srcset=\"https:\/\/memoria.fundacioncajanavarra.es\/wp-content\/uploads\/2026\/04\/actoinversion3_transparencia_fcnmemoria2025.jpg 479w, https:\/\/memoria.fundacioncajanavarra.es\/wp-content\/uploads\/2026\/04\/actoinversion3_transparencia_fcnmemoria2025-400x284.jpg 480w\" sizes=\"(max-width:479px) 479px, 100vw\" \/><span class=\"et_overlay\" data-icon=\"\" data-icon-tablet=\"\" data-icon-phone=\"\"><\/span><\/a><\/div><\/div><div class=\"et_pb_gallery_item et_pb_grid_item et_pb_gallery_item_0_4\"><div class=\"et_pb_gallery_image landscape\" data-per_page=\"30\"><a href=\"https:\/\/memoria.fundacioncajanavarra.es\/wp-content\/uploads\/2026\/04\/actoinversion2_transparencia_fcnmemoria2025.jpg\" title=\"actoinversion2_transparencia_fcnmemoria2025\"><img loading=\"lazy\" decoding=\"async\" width=\"400\" height=\"284\" src=\"https:\/\/memoria.fundacioncajanavarra.es\/wp-content\/uploads\/2026\/04\/actoinversion2_transparencia_fcnmemoria2025-400x284.jpg\" alt=\"\" class=\"wp-image-4334\" srcset=\"https:\/\/memoria.fundacioncajanavarra.es\/wp-content\/uploads\/2026\/04\/actoinversion2_transparencia_fcnmemoria2025.jpg 479w, https:\/\/memoria.fundacioncajanavarra.es\/wp-content\/uploads\/2026\/04\/actoinversion2_transparencia_fcnmemoria2025-400x284.jpg 480w\" sizes=\"(max-width:479px) 479px, 100vw\" \/><span class=\"et_overlay\" data-icon=\"\" data-icon-tablet=\"\" data-icon-phone=\"\"><\/span><\/a><\/div><\/div><div class=\"et_pb_gallery_item et_pb_grid_item et_pb_gallery_item_0_5\"><div class=\"et_pb_gallery_image landscape\" data-per_page=\"30\"><a href=\"https:\/\/memoria.fundacioncajanavarra.es\/wp-content\/uploads\/2026\/04\/actoinversion1_transparencia_fcnmemoria2025.jpg\" title=\"actoinversion1_transparencia_fcnmemoria2025\"><img loading=\"lazy\" decoding=\"async\" width=\"400\" height=\"284\" src=\"https:\/\/memoria.fundacioncajanavarra.es\/wp-content\/uploads\/2026\/04\/actoinversion1_transparencia_fcnmemoria2025-400x284.jpg\" alt=\"\" class=\"wp-image-4336\" srcset=\"https:\/\/memoria.fundacioncajanavarra.es\/wp-content\/uploads\/2026\/04\/actoinversion1_transparencia_fcnmemoria2025.jpg 479w, https:\/\/memoria.fundacioncajanavarra.es\/wp-content\/uploads\/2026\/04\/actoinversion1_transparencia_fcnmemoria2025-400x284.jpg 480w\" sizes=\"(max-width:479px) 479px, 100vw\" \/><span class=\"et_overlay\" data-icon=\"\" data-icon-tablet=\"\" data-icon-phone=\"\"><\/span><\/a><\/div><\/div><\/div><\/div>\n\n<div class=\"et_pb_module et_pb_button_module_wrapper et_pb_button_1_wrapper\"><a class=\"et_pb_button_1 et_pb_button et_pb_bg_layout_light et_pb_module et_block_module\" href=\"https:\/\/www.fundacioncajanavarra.es\/conocenos\/transparencia\/info-economica-presupuestaria-financiera\/presentacion-politica-inversiones.pdf\" target=\"_blank\">Inbertsio Politikaren dokumentua<\/a><\/div>\n<\/div>\n<\/div>\n<\/div>","protected":false},"excerpt":{"rendered":"","protected":false},"author":2,"featured_media":4338,"parent":4670,"menu_order":48,"comment_status":"closed","ping_status":"closed","template":"","meta":{"_acf_changed":false,"inline_featured_image":false,"footnotes":""},"class_list":["post-4666","page","type-page","status-publish","has-post-thumbnail","hentry"],"acf":[],"yoast_head":"<!-- This site is optimized with the Yoast SEO plugin v27.5 - https:\/\/yoast.com\/product\/yoast-seo-wordpress\/ -->\n<title>Ekitaldi instituzionala - Fundaci\u00f3n Caja Navarra - Memoria 2025<\/title>\n<meta name=\"robots\" content=\"noindex, follow, max-snippet:-1, max-image-preview:large, max-video-preview:-1\" \/>\n<meta property=\"og:locale\" content=\"eu_ES\" \/>\n<meta property=\"og:type\" content=\"article\" \/>\n<meta property=\"og:title\" content=\"Ekitaldi instituzionala - Fundaci\u00f3n Caja Navarra - Memoria 2025\" \/>\n<meta property=\"og:url\" content=\"https:\/\/memoria2025.ncencomunicacion.com\/eu\/gardentasuna\/ekitaldi-instituzionala\/\" \/>\n<meta property=\"og:site_name\" content=\"Fundaci\u00f3n Caja Navarra - Memoria 2025\" \/>\n<meta property=\"article:modified_time\" content=\"2026-05-06T03:28:11+00:00\" \/>\n<meta property=\"og:image\" content=\"https:\/\/memoria2025.ncencomunicacion.com\/wp-content\/uploads\/2026\/04\/actoinversion7_transparencia_fcnmemoria2025.jpg\" \/>\n\t<meta property=\"og:image:width\" content=\"1800\" \/>\n\t<meta property=\"og:image:height\" content=\"1200\" \/>\n\t<meta property=\"og:image:type\" content=\"image\/jpeg\" \/>\n<meta name=\"twitter:card\" content=\"summary_large_image\" \/>\n<meta name=\"twitter:label1\" content=\"Est. reading time\" \/>\n\t<meta name=\"twitter:data1\" content=\"1 minute\" \/>\n<script type=\"application\/ld+json\" class=\"yoast-schema-graph\">{\"@context\":\"https:\\\/\\\/schema.org\",\"@graph\":[{\"@type\":\"WebPage\",\"@id\":\"https:\\\/\\\/memoria2025.ncencomunicacion.com\\\/eu\\\/gardentasuna\\\/ekitaldi-instituzionala\\\/\",\"url\":\"https:\\\/\\\/memoria2025.ncencomunicacion.com\\\/eu\\\/gardentasuna\\\/ekitaldi-instituzionala\\\/\",\"name\":\"Ekitaldi instituzionala - Fundaci\u00f3n Caja Navarra - Memoria 2025\",\"isPartOf\":{\"@id\":\"https:\\\/\\\/memoria2025.ncencomunicacion.com\\\/#website\"},\"primaryImageOfPage\":{\"@id\":\"https:\\\/\\\/memoria2025.ncencomunicacion.com\\\/eu\\\/gardentasuna\\\/ekitaldi-instituzionala\\\/#primaryimage\"},\"image\":{\"@id\":\"https:\\\/\\\/memoria2025.ncencomunicacion.com\\\/eu\\\/gardentasuna\\\/ekitaldi-instituzionala\\\/#primaryimage\"},\"thumbnailUrl\":\"https:\\\/\\\/memoria.fundacioncajanavarra.es\\\/wp-content\\\/uploads\\\/2026\\\/04\\\/actoinversion7_transparencia_fcnmemoria2025.jpg\",\"datePublished\":\"2026-04-08T08:35:07+00:00\",\"dateModified\":\"2026-05-06T03:28:11+00:00\",\"breadcrumb\":{\"@id\":\"https:\\\/\\\/memoria2025.ncencomunicacion.com\\\/eu\\\/gardentasuna\\\/ekitaldi-instituzionala\\\/#breadcrumb\"},\"inLanguage\":\"eu-ES\",\"potentialAction\":[{\"@type\":\"ReadAction\",\"target\":[\"https:\\\/\\\/memoria2025.ncencomunicacion.com\\\/eu\\\/gardentasuna\\\/ekitaldi-instituzionala\\\/\"]}]},{\"@type\":\"ImageObject\",\"inLanguage\":\"eu-ES\",\"@id\":\"https:\\\/\\\/memoria2025.ncencomunicacion.com\\\/eu\\\/gardentasuna\\\/ekitaldi-instituzionala\\\/#primaryimage\",\"url\":\"https:\\\/\\\/memoria.fundacioncajanavarra.es\\\/wp-content\\\/uploads\\\/2026\\\/04\\\/actoinversion7_transparencia_fcnmemoria2025.jpg\",\"contentUrl\":\"https:\\\/\\\/memoria.fundacioncajanavarra.es\\\/wp-content\\\/uploads\\\/2026\\\/04\\\/actoinversion7_transparencia_fcnmemoria2025.jpg\",\"width\":1800,\"height\":1200},{\"@type\":\"BreadcrumbList\",\"@id\":\"https:\\\/\\\/memoria2025.ncencomunicacion.com\\\/eu\\\/gardentasuna\\\/ekitaldi-instituzionala\\\/#breadcrumb\",\"itemListElement\":[{\"@type\":\"ListItem\",\"position\":1,\"name\":\"Portada\",\"item\":\"https:\\\/\\\/memoria2025.ncencomunicacion.com\\\/eu\\\/\"},{\"@type\":\"ListItem\",\"position\":2,\"name\":\"Gardentasuna\",\"item\":\"https:\\\/\\\/memoria2025.ncencomunicacion.com\\\/eu\\\/gardentasuna\\\/\"},{\"@type\":\"ListItem\",\"position\":3,\"name\":\"Ekitaldi instituzionala\"}]},{\"@type\":\"WebSite\",\"@id\":\"https:\\\/\\\/memoria2025.ncencomunicacion.com\\\/#website\",\"url\":\"https:\\\/\\\/memoria2025.ncencomunicacion.com\\\/\",\"name\":\"Fundaci\u00f3n Caja Navarra - Memoria 2025\",\"description\":\"\",\"publisher\":{\"@id\":\"https:\\\/\\\/memoria2025.ncencomunicacion.com\\\/#organization\"},\"potentialAction\":[{\"@type\":\"SearchAction\",\"target\":{\"@type\":\"EntryPoint\",\"urlTemplate\":\"https:\\\/\\\/memoria2025.ncencomunicacion.com\\\/?s={search_term_string}\"},\"query-input\":{\"@type\":\"PropertyValueSpecification\",\"valueRequired\":true,\"valueName\":\"search_term_string\"}}],\"inLanguage\":\"eu-ES\"},{\"@type\":\"Organization\",\"@id\":\"https:\\\/\\\/memoria2025.ncencomunicacion.com\\\/#organization\",\"name\":\"Fundaci\u00f3n Caja Navarra\",\"url\":\"https:\\\/\\\/memoria2025.ncencomunicacion.com\\\/\",\"logo\":{\"@type\":\"ImageObject\",\"inLanguage\":\"eu-ES\",\"@id\":\"https:\\\/\\\/memoria2025.ncencomunicacion.com\\\/#\\\/schema\\\/logo\\\/image\\\/\",\"url\":\"https:\\\/\\\/memoria2025.ncencomunicacion.com\\\/wp-content\\\/uploads\\\/2025\\\/05\\\/logo-fcn-black.svg\",\"contentUrl\":\"https:\\\/\\\/memoria2025.ncencomunicacion.com\\\/wp-content\\\/uploads\\\/2025\\\/05\\\/logo-fcn-black.svg\",\"width\":196,\"height\":90,\"caption\":\"Fundaci\u00f3n Caja Navarra\"},\"image\":{\"@id\":\"https:\\\/\\\/memoria2025.ncencomunicacion.com\\\/#\\\/schema\\\/logo\\\/image\\\/\"}}]}<\/script>\n<!-- \/ Yoast SEO plugin. -->","yoast_head_json":{"title":"Ekitaldi instituzionala - Fundaci\u00f3n Caja Navarra - Memoria 2025","robots":{"index":"noindex","follow":"follow","max-snippet":"max-snippet:-1","max-image-preview":"max-image-preview:large","max-video-preview":"max-video-preview:-1"},"og_locale":"eu_ES","og_type":"article","og_title":"Ekitaldi instituzionala - Fundaci\u00f3n Caja Navarra - Memoria 2025","og_url":"https:\/\/memoria2025.ncencomunicacion.com\/eu\/gardentasuna\/ekitaldi-instituzionala\/","og_site_name":"Fundaci\u00f3n Caja Navarra - Memoria 2025","article_modified_time":"2026-05-06T03:28:11+00:00","og_image":[{"width":1800,"height":1200,"url":"https:\/\/memoria2025.ncencomunicacion.com\/wp-content\/uploads\/2026\/04\/actoinversion7_transparencia_fcnmemoria2025.jpg","type":"image\/jpeg"}],"twitter_card":"summary_large_image","twitter_misc":{"Est. reading time":"1 minute"},"schema":{"@context":"https:\/\/schema.org","@graph":[{"@type":"WebPage","@id":"https:\/\/memoria2025.ncencomunicacion.com\/eu\/gardentasuna\/ekitaldi-instituzionala\/","url":"https:\/\/memoria2025.ncencomunicacion.com\/eu\/gardentasuna\/ekitaldi-instituzionala\/","name":"Ekitaldi instituzionala - Fundaci\u00f3n Caja Navarra - Memoria 2025","isPartOf":{"@id":"https:\/\/memoria2025.ncencomunicacion.com\/#website"},"primaryImageOfPage":{"@id":"https:\/\/memoria2025.ncencomunicacion.com\/eu\/gardentasuna\/ekitaldi-instituzionala\/#primaryimage"},"image":{"@id":"https:\/\/memoria2025.ncencomunicacion.com\/eu\/gardentasuna\/ekitaldi-instituzionala\/#primaryimage"},"thumbnailUrl":"https:\/\/memoria.fundacioncajanavarra.es\/wp-content\/uploads\/2026\/04\/actoinversion7_transparencia_fcnmemoria2025.jpg","datePublished":"2026-04-08T08:35:07+00:00","dateModified":"2026-05-06T03:28:11+00:00","breadcrumb":{"@id":"https:\/\/memoria2025.ncencomunicacion.com\/eu\/gardentasuna\/ekitaldi-instituzionala\/#breadcrumb"},"inLanguage":"eu-ES","potentialAction":[{"@type":"ReadAction","target":["https:\/\/memoria2025.ncencomunicacion.com\/eu\/gardentasuna\/ekitaldi-instituzionala\/"]}]},{"@type":"ImageObject","inLanguage":"eu-ES","@id":"https:\/\/memoria2025.ncencomunicacion.com\/eu\/gardentasuna\/ekitaldi-instituzionala\/#primaryimage","url":"https:\/\/memoria.fundacioncajanavarra.es\/wp-content\/uploads\/2026\/04\/actoinversion7_transparencia_fcnmemoria2025.jpg","contentUrl":"https:\/\/memoria.fundacioncajanavarra.es\/wp-content\/uploads\/2026\/04\/actoinversion7_transparencia_fcnmemoria2025.jpg","width":1800,"height":1200},{"@type":"BreadcrumbList","@id":"https:\/\/memoria2025.ncencomunicacion.com\/eu\/gardentasuna\/ekitaldi-instituzionala\/#breadcrumb","itemListElement":[{"@type":"ListItem","position":1,"name":"Portada","item":"https:\/\/memoria2025.ncencomunicacion.com\/eu\/"},{"@type":"ListItem","position":2,"name":"Gardentasuna","item":"https:\/\/memoria2025.ncencomunicacion.com\/eu\/gardentasuna\/"},{"@type":"ListItem","position":3,"name":"Ekitaldi instituzionala"}]},{"@type":"WebSite","@id":"https:\/\/memoria2025.ncencomunicacion.com\/#website","url":"https:\/\/memoria2025.ncencomunicacion.com\/","name":"Fundaci\u00f3n Caja Navarra - Memoria 2025","description":"","publisher":{"@id":"https:\/\/memoria2025.ncencomunicacion.com\/#organization"},"potentialAction":[{"@type":"SearchAction","target":{"@type":"EntryPoint","urlTemplate":"https:\/\/memoria2025.ncencomunicacion.com\/?s={search_term_string}"},"query-input":{"@type":"PropertyValueSpecification","valueRequired":true,"valueName":"search_term_string"}}],"inLanguage":"eu-ES"},{"@type":"Organization","@id":"https:\/\/memoria2025.ncencomunicacion.com\/#organization","name":"Fundaci\u00f3n Caja Navarra","url":"https:\/\/memoria2025.ncencomunicacion.com\/","logo":{"@type":"ImageObject","inLanguage":"eu-ES","@id":"https:\/\/memoria2025.ncencomunicacion.com\/#\/schema\/logo\/image\/","url":"https:\/\/memoria2025.ncencomunicacion.com\/wp-content\/uploads\/2025\/05\/logo-fcn-black.svg","contentUrl":"https:\/\/memoria2025.ncencomunicacion.com\/wp-content\/uploads\/2025\/05\/logo-fcn-black.svg","width":196,"height":90,"caption":"Fundaci\u00f3n Caja Navarra"},"image":{"@id":"https:\/\/memoria2025.ncencomunicacion.com\/#\/schema\/logo\/image\/"}}]}},"_links":{"self":[{"href":"https:\/\/memoria.fundacioncajanavarra.es\/eu\/wp-json\/wp\/v2\/pages\/4666","targetHints":{"allow":["GET"]}}],"collection":[{"href":"https:\/\/memoria.fundacioncajanavarra.es\/eu\/wp-json\/wp\/v2\/pages"}],"about":[{"href":"https:\/\/memoria.fundacioncajanavarra.es\/eu\/wp-json\/wp\/v2\/types\/page"}],"author":[{"embeddable":true,"href":"https:\/\/memoria.fundacioncajanavarra.es\/eu\/wp-json\/wp\/v2\/users\/2"}],"replies":[{"embeddable":true,"href":"https:\/\/memoria.fundacioncajanavarra.es\/eu\/wp-json\/wp\/v2\/comments?post=4666"}],"version-history":[{"count":2,"href":"https:\/\/memoria.fundacioncajanavarra.es\/eu\/wp-json\/wp\/v2\/pages\/4666\/revisions"}],"predecessor-version":[{"id":4839,"href":"https:\/\/memoria.fundacioncajanavarra.es\/eu\/wp-json\/wp\/v2\/pages\/4666\/revisions\/4839"}],"up":[{"embeddable":true,"href":"https:\/\/memoria.fundacioncajanavarra.es\/eu\/wp-json\/wp\/v2\/pages\/4670"}],"wp:featuredmedia":[{"embeddable":true,"href":"https:\/\/memoria.fundacioncajanavarra.es\/eu\/wp-json\/wp\/v2\/media\/4338"}],"wp:attachment":[{"href":"https:\/\/memoria.fundacioncajanavarra.es\/eu\/wp-json\/wp\/v2\/media?parent=4666"}],"curies":[{"name":"wp","href":"https:\/\/api.w.org\/{rel}","templated":true}]}}