{"id":4668,"date":"2026-04-08T09:28:11","date_gmt":"2026-04-08T08:28:11","guid":{"rendered":"https:\/\/memoria2025.ncencomunicacion.com\/bioma-zentroa\/"},"modified":"2026-05-06T04:30:26","modified_gmt":"2026-05-06T03:30:26","slug":"bioma-zentroa","status":"publish","type":"page","link":"https:\/\/memoria.fundacioncajanavarra.es\/eu\/lankidetzako-programak\/bioma-zentroa\/","title":{"rendered":"BIOMA Zentroa"},"content":{"rendered":"<div class=\"et_pb_section_0 et_pb_section et_section_regular et_block_section\">\n<div class=\"et_pb_row_0 et_pb_row et_block_row\">\n<div class=\"et_pb_column_0 et_pb_column et_pb_column_4_4 et-last-child et_block_column et_pb_css_mix_blend_mode_passthrough\">\n<div class=\"et_pb_heading_0 et_pb_heading et_pb_module et_block_module\"><div class=\"et_pb_heading_container\"><h1 class=\"et_pb_module_header\">BIOMA Zentroa<\/h1><\/div><\/div>\n\n<div class=\"et_pb_text_0 et_pb_text et_pb_bg_layout_light et_pb_module et_block_module\"><div class=\"et_pb_text_inner\"><ol class=\"fundacion-breadcrumbs\" itemscope itemtype=\"http:\/\/schema.org\/BreadcrumbList\"><li itemprop=\"itemListElement\" itemscope itemtype=\"http:\/\/schema.org\/ListItem\"><a itemprop=\"item\" href=\"https:\/\/memoria.fundacioncajanavarra.es\/eu\/\" itemprop=\"item\"><span itemprop=\"name\">Hasiera<\/span><\/a><meta itemprop=\"position\" content=\"1\"><\/li><li itemprop=\"itemListElement\" itemscope itemtype=\"http:\/\/schema.org\/ListItem\"><a itemprop=\"item\" href=\"https:\/\/memoria.fundacioncajanavarra.es\/eu\/#lankidetzako-programak\" itemprop=\"item\"><span itemprop=\"name\">Lankidetzako programak<\/span><\/a><meta itemprop=\"position\" content=\"2\"><\/li><\/ol>\n<\/div><\/div>\n<\/div>\n<\/div>\n\n<div class=\"et_pb_row_1 et_pb_row et_block_row\">\n<div class=\"et_pb_column_1 et_pb_column et_pb_column_2_3 et_block_column et_pb_css_mix_blend_mode_passthrough\">\n<div class=\"et_pb_text_1 et_pb_text et_pb_bg_layout_light et_pb_module et_block_module\"><div class=\"et_pb_text_inner\"><h2><strong>Hezkuntza eta bokazio zientifikoak bultzatzea<\/strong><\/h2>\n<p><strong>Nafarroako Unibertsitateko Bioma Zentroak 2025ean, Fundaci\u00f3n Caja Navarraren lankidetzari esker, egindako jarduera hainbat ardatzetan antolatzen da.<\/strong> Alde batetik, <strong>ingurumen-hezkuntza,<\/strong> kanpaleku batzuekin, bi tailerrekin, argazki-lehiaketa batekin, erakusketa batekin eta Ingurumenaren Eguna ospatzearekin. Fundazioaren CIVICAN zentroan egin zen jardunaldi bat.<\/p>\n<p>Beste ardatzetako bat <strong>ikasle eta familientzako hezkuntza-programa<\/strong> da. Bi jarduera nagusi proposatu zituen: \u201cDrogak: Garuna eta Gizartea\u201d erakusketa eta hezkuntza-zentroentzako prestakuntza <strong>Great Science Share<\/strong> ekimenaren bidez; nazioarteko ekimen horrek Lehen Hezkuntzako ikasleei aukera paregabea eskaintzen die ikerketa zientifiko praktikoak egiteko eta beren aurkikuntzak iraupen laburreko bideo-proiektuetan aurkezteko.<\/p>\n<p>Ardatz honetan familiei zuzendutako jarduerak ere izan ziren: kromatografia-tailerrak, makina sinpleenak, substantzien analisia, Gabonetako dekorazioa eta DNA nola erauzi buruzko tailer bat.<\/p>\n<p>Hirugarren jarduera-ardatza <strong>ikerketa eta dibulgazio-ekitaldiei<\/strong> buruzkoa izan zen, ibilbide zientifikoak eta STEM ikasketak sustatzeko. Ildo horretan, nabarmentzekoa da <strong>#LabMeCrazy Jaialdia<\/strong>, STEM ingurunean zientziari lotutako ikus-entzunezko edukietarako proiekzio eta sariekin. Halaber, ikertzaileentzako prestakuntzak egin ziren, besteak beste, honako tailer hauekin: \"Publiko orokorrarentzat idaztea\", \"IAren laguntzaz zientzia komunikatzea\" edo \"Zure zientzia komunikatzeko sare sozialak nola aprobetxatu\".<\/p>\n<p>Laugarren ardatza <strong>berdintasuna, irisgarritasun integrala eta desgaitasun-egoeran dauden pertsonen inklusioa<\/strong> izan zen. \u201cDrogak: Garuna eta Gizartea\u201d erakusketa izan zuen, CEE El Molinorekin egindako Inklusio Proiektua ere bai, <strong>dibulgazio zientifiko inklusiboarekin eta behar bereziak dituzten kolektiboentzako antolatutako bisitekin<\/strong>, hala nola HUNen Adikzio Nahasmenduen Eguneko Ospitalea, Fundaci\u00f3n Secretariado Gitano, Nafarroako Unibertsitateko Senior Programa, ANASAPS, El Vergel Egoitza, Fundaci\u00f3n Elkarte edo Iru\u00f1eko Kartzela Zentroa.<\/p>\n<\/div><\/div>\n\n<div class=\"et_pb_row_2 et_pb_row et_pb_row_nested et_block_row datos-icono\">\n<div class=\"et_pb_column_2 et_pb_column et_pb_column_4_4 et-last-child et_block_column et_pb_css_mix_blend_mode_passthrough\">\n<div class=\"et_pb_number_counter_0 et_pb_number_counter et_pb_bg_layout_light et_pb_text_align_center et_pb_with_title et_pb_module et_block_module\"><div class=\"percent\"><p><span class=\"percent-value\"><\/span><span class=\"percent-sign\"><\/span><\/p><\/div><h6 class=\"title\">Museora bisitan etorritako pertsonak<\/h6><\/div>\n\n<div class=\"et_pb_number_counter_1 et_pb_number_counter et_pb_bg_layout_light et_pb_text_align_center et_pb_with_title et_pb_module et_block_module\"><div class=\"percent\"><p><span class=\"percent-value\"><\/span><span class=\"percent-sign\"><\/span><\/p><\/div><h6 class=\"title\">drogen inguruko erakusketa bisitatu zuten pertsonak<\/h6><\/div>\n\n<div class=\"et_pb_number_counter_2 et_pb_number_counter et_pb_bg_layout_light et_pb_text_align_center et_pb_with_title et_pb_module et_block_module\"><div class=\"percent\"><p><span class=\"percent-value\"><\/span><span class=\"percent-sign\"><\/span><\/p><\/div><h6 class=\"title\">drogen inguruko erakusketa bisitatu zuten ikasleak<\/h6><\/div>\n\n<div class=\"et_pb_number_counter_3 et_pb_number_counter et_pb_bg_layout_light et_pb_text_align_center et_pb_with_title et_pb_module et_block_module\"><div class=\"percent\"><p><span class=\"percent-value\"><\/span><span class=\"percent-sign\"><\/span><\/p><\/div><h6 class=\"title\">parte-hartu duten hezkuntza-zentroak<\/h6><\/div>\n<\/div>\n<\/div>\n<\/div>\n\n<div class=\"et_pb_column_3 et_pb_column et_pb_column_1_3 et-last-child et_block_column et_pb_css_mix_blend_mode_passthrough\">\n<div class=\"et_pb_image_0 et_pb_image et_pb_module et_block_module\"><span class=\"et_pb_image_wrap\"><img loading=\"lazy\" decoding=\"async\" src=\"https:\/\/memoria2025.ncencomunicacion.com\/wp-content\/uploads\/2026\/04\/bioma1_programas-colaboracion_fcnmemoria2025.jpg\" title=\"bioma1_programas-colaboracion_fcnmemoria2025\" width=\"1800\" height=\"1200\" srcset=\"https:\/\/memoria2025.ncencomunicacion.com\/wp-content\/uploads\/2026\/04\/bioma1_programas-colaboracion_fcnmemoria2025.jpg 1800w, https:\/\/memoria2025.ncencomunicacion.com\/wp-content\/uploads\/2026\/04\/bioma1_programas-colaboracion_fcnmemoria2025-1280x853.jpg 1280w, https:\/\/memoria2025.ncencomunicacion.com\/wp-content\/uploads\/2026\/04\/bioma1_programas-colaboracion_fcnmemoria2025-980x653.jpg 980w, https:\/\/memoria2025.ncencomunicacion.com\/wp-content\/uploads\/2026\/04\/bioma1_programas-colaboracion_fcnmemoria2025-480x320.jpg 480w\" sizes=\"(min-width: 0px) and (max-width: 480px) 480px, (min-width: 481px) and (max-width: 980px) 980px, (min-width: 981px) and (max-width: 1280px) 1280px, (min-width: 1281px) 1800px, 100vw\" class=\"wp-image-4316\" \/><\/span><\/div>\n\n<div class=\"et_pb_text_2 et_pb_text et_pb_bg_layout_light et_pb_module et_block_module\"><div class=\"et_pb_text_inner\"><p>Nafarroako Unibertsitateko Bioma Zentroarekin egindako akordioaren aurkezpena<\/p>\n<\/div><\/div>\n\n<div class=\"et_pb_video_0 et_pb_video et_pb_module et_flex_module\"><div class=\"et_pb_video_box\"><iframe loading=\"lazy\" title=\"Fundaci\u00f3n Caja Navarra fomenta la cultura cient\u00edfica e investigadora a trav\u00e9s del Centro Bioma\" width=\"1080\" height=\"608\" src=\"https:\/\/www.youtube.com\/embed\/2zR4plw1Quc?feature=oembed\"  allow=\"accelerometer; autoplay; clipboard-write; encrypted-media; gyroscope; picture-in-picture; web-share\" referrerpolicy=\"strict-origin-when-cross-origin\" allowfullscreen><\/iframe><\/div><\/div>\n\n<div class=\"et_pb_module et_pb_button_module_wrapper et_pb_button_0_wrapper\"><a class=\"et_pb_button_0 et_pb_button et_pb_bg_layout_light et_pb_module et_block_module\" href=\"https:\/\/unedpamplona.es\/catedra-de-inteligencia-emocional\/\" target=\"_blank\">Ikusi Bioma Zentroaren webgunea<\/a><\/div>\n\n<div class=\"et_pb_text_3 et_pb_text et_pb_bg_layout_light et_pb_module et_block_module\"><div class=\"et_pb_text_inner\"><p>Great Science Share 2025<\/p>\n<\/div><\/div>\n\n<div class=\"et_pb_video_1 et_pb_video et_pb_module et_flex_module\"><div class=\"et_pb_video_box\"><iframe loading=\"lazy\" title=\"Ready  for the Great Science Share 2025?\" width=\"1080\" height=\"608\" src=\"https:\/\/www.youtube.com\/embed\/KY6WuddLFGY?feature=oembed\"  allow=\"accelerometer; autoplay; clipboard-write; encrypted-media; gyroscope; picture-in-picture; web-share\" referrerpolicy=\"strict-origin-when-cross-origin\" allowfullscreen><\/iframe><\/div><\/div>\n\n<div class=\"et_pb_module et_pb_button_module_wrapper et_pb_button_1_wrapper\"><a class=\"et_pb_button_1 et_pb_button et_pb_bg_layout_light et_pb_module et_block_module\" href=\"https:\/\/www.greatscienceshare.org\/\" target=\"_blank\">Ikusi Great Science Share 2025 webgunea<\/a><\/div>\n\n<div class=\"et_pb_text_4 et_pb_text et_pb_bg_layout_light et_pb_module et_block_module\"><div class=\"et_pb_text_inner\"><p>#LabMeCrazy! Science Film Festival 2025<\/p>\n<\/div><\/div>\n\n<div class=\"et_pb_video_2 et_pb_video et_pb_module et_flex_module\"><div class=\"et_pb_video_box\"><iframe loading=\"lazy\" title=\"#LabMeCrazy! Science Film Festival 2025\" width=\"1080\" height=\"608\" src=\"https:\/\/www.youtube.com\/embed\/_mvRD26gWQY?feature=oembed\"  allow=\"accelerometer; autoplay; clipboard-write; encrypted-media; gyroscope; picture-in-picture; web-share\" referrerpolicy=\"strict-origin-when-cross-origin\" allowfullscreen><\/iframe><\/div><\/div>\n\n<div class=\"et_pb_module et_pb_button_module_wrapper et_pb_button_2_wrapper\"><a class=\"et_pb_button_2 et_pb_button et_pb_bg_layout_light et_pb_module et_block_module\" href=\"https:\/\/unedpamplona.es\/catedra-de-inteligencia-emocional\/\" target=\"_blank\">Ikusi #Labmecrazy webgunea<\/a><\/div>\n<\/div>\n<\/div>\n<\/div>","protected":false},"excerpt":{"rendered":"","protected":false},"author":2,"featured_media":4317,"parent":4708,"menu_order":44,"comment_status":"closed","ping_status":"closed","template":"","meta":{"_acf_changed":false,"inline_featured_image":false,"footnotes":""},"class_list":["post-4668","page","type-page","status-publish","has-post-thumbnail","hentry"],"acf":[],"yoast_head":"<!-- This site is optimized with the Yoast SEO plugin v27.5 - https:\/\/yoast.com\/product\/yoast-seo-wordpress\/ -->\n<title>BIOMA Zentroa - Fundaci\u00f3n Caja Navarra - Memoria 2025<\/title>\n<meta name=\"robots\" content=\"noindex, follow, max-snippet:-1, max-image-preview:large, max-video-preview:-1\" \/>\n<meta property=\"og:locale\" content=\"eu_ES\" \/>\n<meta property=\"og:type\" content=\"article\" \/>\n<meta property=\"og:title\" content=\"BIOMA Zentroa - Fundaci\u00f3n Caja Navarra - Memoria 2025\" \/>\n<meta property=\"og:url\" content=\"https:\/\/memoria2025.ncencomunicacion.com\/eu\/lankidetzako-programak\/bioma-zentroa\/\" \/>\n<meta property=\"og:site_name\" content=\"Fundaci\u00f3n Caja Navarra - Memoria 2025\" \/>\n<meta property=\"article:modified_time\" content=\"2026-05-06T03:30:26+00:00\" \/>\n<meta property=\"og:image\" content=\"https:\/\/memoria2025.ncencomunicacion.com\/wp-content\/uploads\/2026\/04\/bioma1_programas-colaboracion_fcnmemoria2025.jpg\" \/>\n\t<meta property=\"og:image:width\" content=\"1800\" \/>\n\t<meta property=\"og:image:height\" content=\"1200\" \/>\n\t<meta property=\"og:image:type\" content=\"image\/jpeg\" \/>\n<meta name=\"twitter:card\" content=\"summary_large_image\" \/>\n<meta name=\"twitter:label1\" content=\"Est. reading time\" \/>\n\t<meta name=\"twitter:data1\" content=\"1 minute\" \/>\n<script type=\"application\/ld+json\" class=\"yoast-schema-graph\">{\"@context\":\"https:\\\/\\\/schema.org\",\"@graph\":[{\"@type\":\"WebPage\",\"@id\":\"https:\\\/\\\/memoria2025.ncencomunicacion.com\\\/eu\\\/lankidetzako-programak\\\/bioma-zentroa\\\/\",\"url\":\"https:\\\/\\\/memoria2025.ncencomunicacion.com\\\/eu\\\/lankidetzako-programak\\\/bioma-zentroa\\\/\",\"name\":\"BIOMA Zentroa - Fundaci\u00f3n Caja Navarra - Memoria 2025\",\"isPartOf\":{\"@id\":\"https:\\\/\\\/memoria2025.ncencomunicacion.com\\\/#website\"},\"primaryImageOfPage\":{\"@id\":\"https:\\\/\\\/memoria2025.ncencomunicacion.com\\\/eu\\\/lankidetzako-programak\\\/bioma-zentroa\\\/#primaryimage\"},\"image\":{\"@id\":\"https:\\\/\\\/memoria2025.ncencomunicacion.com\\\/eu\\\/lankidetzako-programak\\\/bioma-zentroa\\\/#primaryimage\"},\"thumbnailUrl\":\"https:\\\/\\\/memoria.fundacioncajanavarra.es\\\/wp-content\\\/uploads\\\/2026\\\/04\\\/bioma1_programas-colaboracion_fcnmemoria2025.jpg\",\"datePublished\":\"2026-04-08T08:28:11+00:00\",\"dateModified\":\"2026-05-06T03:30:26+00:00\",\"breadcrumb\":{\"@id\":\"https:\\\/\\\/memoria2025.ncencomunicacion.com\\\/eu\\\/lankidetzako-programak\\\/bioma-zentroa\\\/#breadcrumb\"},\"inLanguage\":\"eu-ES\",\"potentialAction\":[{\"@type\":\"ReadAction\",\"target\":[\"https:\\\/\\\/memoria2025.ncencomunicacion.com\\\/eu\\\/lankidetzako-programak\\\/bioma-zentroa\\\/\"]}]},{\"@type\":\"ImageObject\",\"inLanguage\":\"eu-ES\",\"@id\":\"https:\\\/\\\/memoria2025.ncencomunicacion.com\\\/eu\\\/lankidetzako-programak\\\/bioma-zentroa\\\/#primaryimage\",\"url\":\"https:\\\/\\\/memoria.fundacioncajanavarra.es\\\/wp-content\\\/uploads\\\/2026\\\/04\\\/bioma1_programas-colaboracion_fcnmemoria2025.jpg\",\"contentUrl\":\"https:\\\/\\\/memoria.fundacioncajanavarra.es\\\/wp-content\\\/uploads\\\/2026\\\/04\\\/bioma1_programas-colaboracion_fcnmemoria2025.jpg\",\"width\":1800,\"height\":1200},{\"@type\":\"BreadcrumbList\",\"@id\":\"https:\\\/\\\/memoria2025.ncencomunicacion.com\\\/eu\\\/lankidetzako-programak\\\/bioma-zentroa\\\/#breadcrumb\",\"itemListElement\":[{\"@type\":\"ListItem\",\"position\":1,\"name\":\"Portada\",\"item\":\"https:\\\/\\\/memoria2025.ncencomunicacion.com\\\/eu\\\/\"},{\"@type\":\"ListItem\",\"position\":2,\"name\":\"Lankidetzako programak\",\"item\":\"https:\\\/\\\/memoria2025.ncencomunicacion.com\\\/eu\\\/lankidetzako-programak\\\/\"},{\"@type\":\"ListItem\",\"position\":3,\"name\":\"BIOMA Zentroa\"}]},{\"@type\":\"WebSite\",\"@id\":\"https:\\\/\\\/memoria2025.ncencomunicacion.com\\\/#website\",\"url\":\"https:\\\/\\\/memoria2025.ncencomunicacion.com\\\/\",\"name\":\"Fundaci\u00f3n Caja Navarra - Memoria 2025\",\"description\":\"\",\"publisher\":{\"@id\":\"https:\\\/\\\/memoria2025.ncencomunicacion.com\\\/#organization\"},\"potentialAction\":[{\"@type\":\"SearchAction\",\"target\":{\"@type\":\"EntryPoint\",\"urlTemplate\":\"https:\\\/\\\/memoria2025.ncencomunicacion.com\\\/?s={search_term_string}\"},\"query-input\":{\"@type\":\"PropertyValueSpecification\",\"valueRequired\":true,\"valueName\":\"search_term_string\"}}],\"inLanguage\":\"eu-ES\"},{\"@type\":\"Organization\",\"@id\":\"https:\\\/\\\/memoria2025.ncencomunicacion.com\\\/#organization\",\"name\":\"Fundaci\u00f3n Caja Navarra\",\"url\":\"https:\\\/\\\/memoria2025.ncencomunicacion.com\\\/\",\"logo\":{\"@type\":\"ImageObject\",\"inLanguage\":\"eu-ES\",\"@id\":\"https:\\\/\\\/memoria2025.ncencomunicacion.com\\\/#\\\/schema\\\/logo\\\/image\\\/\",\"url\":\"https:\\\/\\\/memoria2025.ncencomunicacion.com\\\/wp-content\\\/uploads\\\/2025\\\/05\\\/logo-fcn-black.svg\",\"contentUrl\":\"https:\\\/\\\/memoria2025.ncencomunicacion.com\\\/wp-content\\\/uploads\\\/2025\\\/05\\\/logo-fcn-black.svg\",\"width\":196,\"height\":90,\"caption\":\"Fundaci\u00f3n Caja Navarra\"},\"image\":{\"@id\":\"https:\\\/\\\/memoria2025.ncencomunicacion.com\\\/#\\\/schema\\\/logo\\\/image\\\/\"}}]}<\/script>\n<!-- \/ Yoast SEO plugin. -->","yoast_head_json":{"title":"BIOMA Zentroa - Fundaci\u00f3n Caja Navarra - Memoria 2025","robots":{"index":"noindex","follow":"follow","max-snippet":"max-snippet:-1","max-image-preview":"max-image-preview:large","max-video-preview":"max-video-preview:-1"},"og_locale":"eu_ES","og_type":"article","og_title":"BIOMA Zentroa - Fundaci\u00f3n Caja Navarra - Memoria 2025","og_url":"https:\/\/memoria2025.ncencomunicacion.com\/eu\/lankidetzako-programak\/bioma-zentroa\/","og_site_name":"Fundaci\u00f3n Caja Navarra - Memoria 2025","article_modified_time":"2026-05-06T03:30:26+00:00","og_image":[{"width":1800,"height":1200,"url":"https:\/\/memoria2025.ncencomunicacion.com\/wp-content\/uploads\/2026\/04\/bioma1_programas-colaboracion_fcnmemoria2025.jpg","type":"image\/jpeg"}],"twitter_card":"summary_large_image","twitter_misc":{"Est. reading time":"1 minute"},"schema":{"@context":"https:\/\/schema.org","@graph":[{"@type":"WebPage","@id":"https:\/\/memoria2025.ncencomunicacion.com\/eu\/lankidetzako-programak\/bioma-zentroa\/","url":"https:\/\/memoria2025.ncencomunicacion.com\/eu\/lankidetzako-programak\/bioma-zentroa\/","name":"BIOMA Zentroa - Fundaci\u00f3n Caja Navarra - Memoria 2025","isPartOf":{"@id":"https:\/\/memoria2025.ncencomunicacion.com\/#website"},"primaryImageOfPage":{"@id":"https:\/\/memoria2025.ncencomunicacion.com\/eu\/lankidetzako-programak\/bioma-zentroa\/#primaryimage"},"image":{"@id":"https:\/\/memoria2025.ncencomunicacion.com\/eu\/lankidetzako-programak\/bioma-zentroa\/#primaryimage"},"thumbnailUrl":"https:\/\/memoria.fundacioncajanavarra.es\/wp-content\/uploads\/2026\/04\/bioma1_programas-colaboracion_fcnmemoria2025.jpg","datePublished":"2026-04-08T08:28:11+00:00","dateModified":"2026-05-06T03:30:26+00:00","breadcrumb":{"@id":"https:\/\/memoria2025.ncencomunicacion.com\/eu\/lankidetzako-programak\/bioma-zentroa\/#breadcrumb"},"inLanguage":"eu-ES","potentialAction":[{"@type":"ReadAction","target":["https:\/\/memoria2025.ncencomunicacion.com\/eu\/lankidetzako-programak\/bioma-zentroa\/"]}]},{"@type":"ImageObject","inLanguage":"eu-ES","@id":"https:\/\/memoria2025.ncencomunicacion.com\/eu\/lankidetzako-programak\/bioma-zentroa\/#primaryimage","url":"https:\/\/memoria.fundacioncajanavarra.es\/wp-content\/uploads\/2026\/04\/bioma1_programas-colaboracion_fcnmemoria2025.jpg","contentUrl":"https:\/\/memoria.fundacioncajanavarra.es\/wp-content\/uploads\/2026\/04\/bioma1_programas-colaboracion_fcnmemoria2025.jpg","width":1800,"height":1200},{"@type":"BreadcrumbList","@id":"https:\/\/memoria2025.ncencomunicacion.com\/eu\/lankidetzako-programak\/bioma-zentroa\/#breadcrumb","itemListElement":[{"@type":"ListItem","position":1,"name":"Portada","item":"https:\/\/memoria2025.ncencomunicacion.com\/eu\/"},{"@type":"ListItem","position":2,"name":"Lankidetzako programak","item":"https:\/\/memoria2025.ncencomunicacion.com\/eu\/lankidetzako-programak\/"},{"@type":"ListItem","position":3,"name":"BIOMA Zentroa"}]},{"@type":"WebSite","@id":"https:\/\/memoria2025.ncencomunicacion.com\/#website","url":"https:\/\/memoria2025.ncencomunicacion.com\/","name":"Fundaci\u00f3n Caja Navarra - Memoria 2025","description":"","publisher":{"@id":"https:\/\/memoria2025.ncencomunicacion.com\/#organization"},"potentialAction":[{"@type":"SearchAction","target":{"@type":"EntryPoint","urlTemplate":"https:\/\/memoria2025.ncencomunicacion.com\/?s={search_term_string}"},"query-input":{"@type":"PropertyValueSpecification","valueRequired":true,"valueName":"search_term_string"}}],"inLanguage":"eu-ES"},{"@type":"Organization","@id":"https:\/\/memoria2025.ncencomunicacion.com\/#organization","name":"Fundaci\u00f3n Caja Navarra","url":"https:\/\/memoria2025.ncencomunicacion.com\/","logo":{"@type":"ImageObject","inLanguage":"eu-ES","@id":"https:\/\/memoria2025.ncencomunicacion.com\/#\/schema\/logo\/image\/","url":"https:\/\/memoria2025.ncencomunicacion.com\/wp-content\/uploads\/2025\/05\/logo-fcn-black.svg","contentUrl":"https:\/\/memoria2025.ncencomunicacion.com\/wp-content\/uploads\/2025\/05\/logo-fcn-black.svg","width":196,"height":90,"caption":"Fundaci\u00f3n Caja Navarra"},"image":{"@id":"https:\/\/memoria2025.ncencomunicacion.com\/#\/schema\/logo\/image\/"}}]}},"_links":{"self":[{"href":"https:\/\/memoria.fundacioncajanavarra.es\/eu\/wp-json\/wp\/v2\/pages\/4668","targetHints":{"allow":["GET"]}}],"collection":[{"href":"https:\/\/memoria.fundacioncajanavarra.es\/eu\/wp-json\/wp\/v2\/pages"}],"about":[{"href":"https:\/\/memoria.fundacioncajanavarra.es\/eu\/wp-json\/wp\/v2\/types\/page"}],"author":[{"embeddable":true,"href":"https:\/\/memoria.fundacioncajanavarra.es\/eu\/wp-json\/wp\/v2\/users\/2"}],"replies":[{"embeddable":true,"href":"https:\/\/memoria.fundacioncajanavarra.es\/eu\/wp-json\/wp\/v2\/comments?post=4668"}],"version-history":[{"count":2,"href":"https:\/\/memoria.fundacioncajanavarra.es\/eu\/wp-json\/wp\/v2\/pages\/4668\/revisions"}],"predecessor-version":[{"id":4846,"href":"https:\/\/memoria.fundacioncajanavarra.es\/eu\/wp-json\/wp\/v2\/pages\/4668\/revisions\/4846"}],"up":[{"embeddable":true,"href":"https:\/\/memoria.fundacioncajanavarra.es\/eu\/wp-json\/wp\/v2\/pages\/4708"}],"wp:featuredmedia":[{"embeddable":true,"href":"https:\/\/memoria.fundacioncajanavarra.es\/eu\/wp-json\/wp\/v2\/media\/4317"}],"wp:attachment":[{"href":"https:\/\/memoria.fundacioncajanavarra.es\/eu\/wp-json\/wp\/v2\/media?parent=4668"}],"curies":[{"name":"wp","href":"https:\/\/api.w.org\/{rel}","templated":true}]}}